{"id":23,"date":"2026-01-20T11:51:23","date_gmt":"2026-01-20T11:51:23","guid":{"rendered":"https:\/\/tpup.club\/index.php\/our-services\/"},"modified":"2026-03-22T14:31:05","modified_gmt":"2026-03-22T14:31:05","slug":"nous-rejoindre","status":"publish","type":"page","link":"https:\/\/tpup.club\/index.php\/nous-rejoindre\/","title":{"rendered":"Nous rejoindre"},"content":{"rendered":"\t\t<div data-elementor-type=\"wp-page\" data-elementor-id=\"23\" class=\"elementor elementor-23\">\n\t\t\t\t<div class=\"elementor-element elementor-element-25a8cae7 e-con-full e-flex e-con e-parent\" data-id=\"25a8cae7\" data-element_type=\"container\" data-e-type=\"container\">\n\t\t<div class=\"elementor-element elementor-element-1163c694 e-con-full e-flex e-con e-child\" data-id=\"1163c694\" data-element_type=\"container\" data-e-type=\"container\">\n\t\t\t\t<div class=\"elementor-element elementor-element-37455a3 elementor-widget-mobile__width-inherit elementor-invisible elementor-widget elementor-widget-heading\" data-id=\"37455a3\" data-element_type=\"widget\" data-e-type=\"widget\" data-settings=\"{&quot;_animation&quot;:&quot;fadeIn&quot;}\" data-widget_type=\"heading.default\">\n\t\t\t\t\t<h1 class=\"elementor-heading-title elementor-size-default\">Rejoindre le Club<\/h1>\t\t\t\t<\/div>\n\t\t\t\t<div class=\"elementor-element elementor-element-3b43db54 elementor-widget-mobile__width-initial elementor-invisible elementor-widget elementor-widget-heading\" data-id=\"3b43db54\" data-element_type=\"widget\" data-e-type=\"widget\" data-settings=\"{&quot;_animation&quot;:&quot;fadeIn&quot;,&quot;_animation_delay&quot;:400}\" data-widget_type=\"heading.default\">\n\t\t\t\t\t<h2 class=\"elementor-heading-title elementor-size-default\">Adh\u00e9rez \u00e0 TP\u2019UP 92 et donnez un nouvel \u00e9lan \u00e0 votre activit\u00e9 !<\/h2>\t\t\t\t<\/div>\n\t\t\t\t<\/div>\n\t\t\t\t<\/div>\n\t\t<div class=\"elementor-element elementor-element-e351299 e-flex e-con-boxed e-con e-parent\" data-id=\"e351299\" data-element_type=\"container\" data-e-type=\"container\">\n\t\t\t\t\t<div class=\"e-con-inner\">\n\t\t<div class=\"elementor-element elementor-element-c56122b e-con-full e-flex e-con e-child\" data-id=\"c56122b\" data-element_type=\"container\" data-e-type=\"container\">\n\t\t\t\t<div class=\"elementor-element elementor-element-8d34113 elementor-widget elementor-widget-image\" data-id=\"8d34113\" data-element_type=\"widget\" data-e-type=\"widget\" data-widget_type=\"image.default\">\n\t\t\t\t\t\t\t\t\t\t\t\t\t\t\t<img fetchpriority=\"high\" decoding=\"async\" width=\"768\" height=\"1024\" src=\"https:\/\/tpup.club\/wp-content\/uploads\/2026\/01\/IMG-20250906-WA0004-768x1024.jpg\" class=\"attachment-large size-large wp-image-137\" alt=\"\" srcset=\"https:\/\/tpup.club\/wp-content\/uploads\/2026\/01\/IMG-20250906-WA0004-768x1024.jpg 768w, https:\/\/tpup.club\/wp-content\/uploads\/2026\/01\/IMG-20250906-WA0004-225x300.jpg 225w, https:\/\/tpup.club\/wp-content\/uploads\/2026\/01\/IMG-20250906-WA0004-1152x1536.jpg 1152w, https:\/\/tpup.club\/wp-content\/uploads\/2026\/01\/IMG-20250906-WA0004.jpg 1200w\" sizes=\"(max-width: 768px) 100vw, 768px\" \/>\t\t\t\t\t\t\t\t\t\t\t\t\t\t\t<\/div>\n\t\t\t\t<\/div>\n\t\t<div class=\"elementor-element elementor-element-a68bdc0 e-con-full e-flex e-con e-child\" data-id=\"a68bdc0\" data-element_type=\"container\" data-e-type=\"container\">\n\t\t<div class=\"elementor-element elementor-element-559e087 e-con-full e-flex e-con e-child\" data-id=\"559e087\" data-element_type=\"container\" data-e-type=\"container\">\n\t\t\t\t<div class=\"elementor-element elementor-element-e5acb5b elementor-widget elementor-widget-heading\" data-id=\"e5acb5b\" data-element_type=\"widget\" data-e-type=\"widget\" data-widget_type=\"heading.default\">\n\t\t\t\t\t<h2 class=\"elementor-heading-title elementor-size-default\"><b>Int\u00e9grer le club, <\/b><b>c\u2019est acc\u00e9der \u00e0 :<\/b><\/h2>\t\t\t\t<\/div>\n\t\t\t\t<div class=\"elementor-element elementor-element-6b9d998 elementor-widget elementor-widget-text-editor\" data-id=\"6b9d998\" data-element_type=\"widget\" data-e-type=\"widget\" data-widget_type=\"text-editor.default\">\n\t\t\t\t\t\t\t\t\t<ul style=\"background-color: #f7f5f3; font-size: 16px;\"><li style=\"font-size: 16px;\"><h5>un r\u00e9seau influent d\u2019entrepreneurs locaux<\/h5><\/li><li style=\"font-size: 16px;\"><h5>des rencontres r\u00e9guli\u00e8res et structur\u00e9es<\/h5><\/li><li style=\"font-size: 16px;\"><h5>une visibilit\u00e9 accrue pour votre activit\u00e9<\/h5><\/li><li style=\"font-size: 16px;\"><h5>un soutien strat\u00e9gique et op\u00e9rationnel<\/h5><\/li><li style=\"font-size: 16px;\"><h5>une dynamique collective stimulante<\/h5><\/li><\/ul>\t\t\t\t\t\t\t\t<\/div>\n\t\t\t\t<div class=\"elementor-element elementor-element-c3e7b8c elementor-widget-mobile__width-inherit elementor-hidden-tablet elementor-hidden-mobile elementor-widget elementor-widget-heading\" data-id=\"c3e7b8c\" data-element_type=\"widget\" data-e-type=\"widget\" data-widget_type=\"heading.default\">\n\t\t\t\t\t<h2 class=\"elementor-heading-title elementor-size-default\">Proc\u00e9dure d'adh\u00e9sion<\/h2>\t\t\t\t<\/div>\n\t\t\t\t<div class=\"elementor-element elementor-element-d938bef elementor-hidden-mobile elementor-widget elementor-widget-text-editor\" data-id=\"d938bef\" data-element_type=\"widget\" data-e-type=\"widget\" data-widget_type=\"text-editor.default\">\n\t\t\t\t\t\t\t\t\t<ol><li>Prenez contact avec nous (contact@tpup.club)<\/li><li>Nous organisons un \u00e9change (t\u00e9l\u00e9phone ou RDV)<\/li><li>Participez \u00e0 une r\u00e9union d\u00e9couverte ou afterwork<\/li><li>Finalisez votre adh\u00e9sion via le formulaire suivant :<\/li><\/ol>\t\t\t\t\t\t\t\t<\/div>\n\t\t\t\t<div class=\"elementor-element elementor-element-413dc6c elementor-hidden-mobile elementor-widget elementor-widget-button\" data-id=\"413dc6c\" data-element_type=\"widget\" data-e-type=\"widget\" data-widget_type=\"button.default\">\n\t\t\t\t\t\t\t\t\t\t<a class=\"elementor-button elementor-button-link elementor-size-sm\" href=\"https:\/\/tally.so\/r\/wdK7yD\" target=\"_blank\">\n\t\t\t\t\t\t<span class=\"elementor-button-content-wrapper\">\n\t\t\t\t\t\t\t\t\t<span class=\"elementor-button-text\">S'inscrire<\/span>\n\t\t\t\t\t<\/span>\n\t\t\t\t\t<\/a>\n\t\t\t\t\t\t\t\t<\/div>\n\t\t\t\t<div class=\"elementor-element elementor-element-b4a7f3a elementor-hidden-tablet elementor-hidden-mobile elementor-widget elementor-widget-heading\" data-id=\"b4a7f3a\" data-element_type=\"widget\" data-e-type=\"widget\" data-widget_type=\"heading.default\">\n\t\t\t\t\t<h2 class=\"elementor-heading-title elementor-size-default\">Tarif adh\u00e9sion annuelle<\/h2>\t\t\t\t<\/div>\n\t\t\t\t<div class=\"elementor-element elementor-element-81f1536 elementor-hidden-tablet elementor-hidden-mobile elementor-widget elementor-widget-text-editor\" data-id=\"81f1536\" data-element_type=\"widget\" data-e-type=\"widget\" data-widget_type=\"text-editor.default\">\n\t\t\t\t\t\t\t\t\t<ul style=\"background-color: #f7f5f3; font-size: 22px; font-family: Quicksand, Quicksand;\"><li class=\"cvGsUA direction-ltr align-start para-style-body\" style=\"font-size: 22px;\"><span class=\"a_GcMg font-feature-liga-off font-feature-clig-off font-feature-calt-off text-decoration-none text-strikethrough-none\">Cotisation annuelle : 80 \u20ac\u00a0<\/span><\/li><li class=\"cvGsUA direction-ltr align-start para-style-body\" style=\"font-size: 22px;\"><span class=\"a_GcMg font-feature-liga-off font-feature-clig-off font-feature-calt-off text-decoration-none text-strikethrough-none\">Participation forfaitaire aux 5 afterworks : 60 \u20ac (formule early bird), \u00e0 r\u00e9gler en d\u00e9but\u00a0<\/span>d\u2019ann\u00e9e; soit un montant total annuel de 140 \u20ac<\/li><\/ul>\t\t\t\t\t\t\t\t<\/div>\n\t\t\t\t<\/div>\n\t\t\t\t<\/div>\n\t\t\t\t\t<\/div>\n\t\t\t\t<\/div>\n\t\t<div class=\"elementor-element elementor-element-c3a5acf e-flex e-con-boxed e-con e-parent\" data-id=\"c3a5acf\" data-element_type=\"container\" data-e-type=\"container\">\n\t\t\t\t\t<div class=\"e-con-inner\">\n\t\t\t\t<div class=\"elementor-element elementor-element-2e33ac8 elementor-widget-mobile__width-inherit elementor-hidden-desktop elementor-widget elementor-widget-heading\" data-id=\"2e33ac8\" data-element_type=\"widget\" data-e-type=\"widget\" data-widget_type=\"heading.default\">\n\t\t\t\t\t<h2 class=\"elementor-heading-title elementor-size-default\">Proc\u00e9dure d'adh\u00e9sion<\/h2>\t\t\t\t<\/div>\n\t\t<div class=\"elementor-element elementor-element-599b09e e-con-full e-flex e-con e-child\" data-id=\"599b09e\" data-element_type=\"container\" data-e-type=\"container\">\n\t\t\t\t<div class=\"elementor-element elementor-element-d2b01f4 elementor-widget-mobile__width-inherit elementor-hidden-desktop elementor-widget elementor-widget-text-editor\" data-id=\"d2b01f4\" data-element_type=\"widget\" data-e-type=\"widget\" data-widget_type=\"text-editor.default\">\n\t\t\t\t\t\t\t\t\t<ul style=\"margin-top: 0cm;\" type=\"disc\"><li class=\"MsoNormal\">Prenez contact avec\u00a0<a href=\"https:\/\/tally.so\/r\/31D1db\">nous<\/a>\u00a0<\/li><li class=\"MsoNormal\">Nous organisons un \u00e9change (t\u00e9l\u00e9phone ou RDV)<\/li><li class=\"MsoNormal\">Participez \u00e0 une r\u00e9union d\u00e9couverte ou afterwork<\/li><li class=\"MsoNormal\">Finalisez votre adh\u00e9sion via le formulaire suivant :<\/li><\/ul>\t\t\t\t\t\t\t\t<\/div>\n\t\t<div class=\"elementor-element elementor-element-0d180b2 e-con-full e-flex e-con e-child\" data-id=\"0d180b2\" data-element_type=\"container\" data-e-type=\"container\">\n\t\t\t\t<div class=\"elementor-element elementor-element-ef90647 elementor-align-center elementor-widget__width-inherit elementor-hidden-desktop elementor-invisible elementor-widget elementor-widget-button\" data-id=\"ef90647\" data-element_type=\"widget\" data-e-type=\"widget\" data-settings=\"{&quot;_animation&quot;:&quot;fadeInDown&quot;}\" data-widget_type=\"button.default\">\n\t\t\t\t\t\t\t\t\t\t<a class=\"elementor-button elementor-button-link elementor-size-sm\" href=\"https:\/\/tally.so\/r\/wdK7yD\">\n\t\t\t\t\t\t<span class=\"elementor-button-content-wrapper\">\n\t\t\t\t\t\t\t\t\t<span class=\"elementor-button-text\">S'inscrire<\/span>\n\t\t\t\t\t<\/span>\n\t\t\t\t\t<\/a>\n\t\t\t\t\t\t\t\t<\/div>\n\t\t\t\t<\/div>\n\t\t\t\t<div class=\"elementor-element elementor-element-c898eff elementor-hidden-desktop elementor-widget elementor-widget-heading\" data-id=\"c898eff\" data-element_type=\"widget\" data-e-type=\"widget\" data-widget_type=\"heading.default\">\n\t\t\t\t\t<h2 class=\"elementor-heading-title elementor-size-default\">Tarif adh\u00e9sion annuelle<\/h2>\t\t\t\t<\/div>\n\t\t\t\t<div class=\"elementor-element elementor-element-8e0cba6 elementor-hidden-desktop elementor-widget elementor-widget-text-editor\" data-id=\"8e0cba6\" data-element_type=\"widget\" data-e-type=\"widget\" data-widget_type=\"text-editor.default\">\n\t\t\t\t\t\t\t\t\t<ul style=\"background-color: #f7f5f3; font-size: 22px; font-family: Quicksand, Quicksand;\">\n<li class=\"cvGsUA direction-ltr align-start para-style-body\" style=\"font-size: 22px;\"><span class=\"a_GcMg font-feature-liga-off font-feature-clig-off font-feature-calt-off text-decoration-none text-strikethrough-none\">Cotisation annuelle : 80 \u20ac&nbsp;<\/span><\/li>\n<li class=\"cvGsUA direction-ltr align-start para-style-body\" style=\"font-size: 22px;\"><span class=\"a_GcMg font-feature-liga-off font-feature-clig-off font-feature-calt-off text-decoration-none text-strikethrough-none\">Participation forfaitaire aux 5 afterworks : 60 \u20ac (formule early bird), \u00e0 r\u00e9gler en d\u00e9but&nbsp;<\/span>d\u2019ann\u00e9e; soit un montant total annuel de 140 \u20ac<\/li>\n<\/ul>\t\t\t\t\t\t\t\t<\/div>\n\t\t\t\t<\/div>\n\t\t\t\t\t<\/div>\n\t\t\t\t<\/div>\n\t\t<div class=\"elementor-element elementor-element-190f0d8e e-flex e-con-boxed e-con e-parent\" data-id=\"190f0d8e\" data-element_type=\"container\" data-e-type=\"container\">\n\t\t\t\t\t<div class=\"e-con-inner\">\n\t\t\t\t<div class=\"elementor-element elementor-element-5ddf41ff elementor-widget-mobile__width-initial elementor-invisible elementor-widget elementor-widget-heading\" data-id=\"5ddf41ff\" data-element_type=\"widget\" data-e-type=\"widget\" data-settings=\"{&quot;_animation&quot;:&quot;fadeIn&quot;}\" data-widget_type=\"heading.default\">\n\t\t\t\t\t<h2 class=\"elementor-heading-title elementor-size-default\"><b>Renouvellement d\u2019adh\u00e9sion : c\u2019est par ici !<\/b><\/h2>\t\t\t\t<\/div>\n\t\t\t\t<div class=\"elementor-element elementor-element-aff150e elementor-align-center elementor-widget__width-inherit elementor-invisible elementor-widget elementor-widget-button\" data-id=\"aff150e\" data-element_type=\"widget\" data-e-type=\"widget\" data-settings=\"{&quot;_animation&quot;:&quot;fadeInDown&quot;}\" data-widget_type=\"button.default\">\n\t\t\t\t\t\t\t\t\t\t<a class=\"elementor-button elementor-button-link elementor-size-sm\" href=\"https:\/\/tally.so\/r\/BzzRvY\">\n\t\t\t\t\t\t<span class=\"elementor-button-content-wrapper\">\n\t\t\t\t\t\t\t\t\t<span class=\"elementor-button-text\">Renouveler <br>abonnement<\/span>\n\t\t\t\t\t<\/span>\n\t\t\t\t\t<\/a>\n\t\t\t\t\t\t\t\t<\/div>\n\t\t\t\t<div class=\"elementor-element elementor-element-d9ad268 elementor-widget__width-initial elementor-hidden-desktop elementor-hidden-tablet elementor-widget elementor-widget-image\" data-id=\"d9ad268\" data-element_type=\"widget\" data-e-type=\"widget\" data-widget_type=\"image.default\">\n\t\t\t\t\t\t\t\t\t\t\t\t\t\t\t<img decoding=\"async\" width=\"768\" height=\"576\" src=\"https:\/\/tpup.club\/wp-content\/uploads\/2026\/01\/IMG-20250910-WA0011-768x576.jpg\" class=\"attachment-medium_large size-medium_large wp-image-139\" alt=\"\" srcset=\"https:\/\/tpup.club\/wp-content\/uploads\/2026\/01\/IMG-20250910-WA0011-768x576.jpg 768w, https:\/\/tpup.club\/wp-content\/uploads\/2026\/01\/IMG-20250910-WA0011-300x225.jpg 300w, https:\/\/tpup.club\/wp-content\/uploads\/2026\/01\/IMG-20250910-WA0011-1024x769.jpg 1024w, https:\/\/tpup.club\/wp-content\/uploads\/2026\/01\/IMG-20250910-WA0011-1536x1153.jpg 1536w, https:\/\/tpup.club\/wp-content\/uploads\/2026\/01\/IMG-20250910-WA0011.jpg 1600w\" sizes=\"(max-width: 768px) 100vw, 768px\" \/>\t\t\t\t\t\t\t\t\t\t\t\t\t\t\t<\/div>\n\t\t\t\t\t<\/div>\n\t\t\t\t<\/div>\n\t\t<div class=\"elementor-element elementor-element-c5b38bc e-grid e-con-full e-con e-parent\" data-id=\"c5b38bc\" data-element_type=\"container\" data-e-type=\"container\">\n\t\t\t\t<div class=\"elementor-element elementor-element-faefdb3 elementor-widget__width-initial elementor-hidden-mobile elementor-widget elementor-widget-image\" data-id=\"faefdb3\" data-element_type=\"widget\" data-e-type=\"widget\" data-widget_type=\"image.default\">\n\t\t\t\t\t\t\t\t\t\t\t\t\t\t\t<img decoding=\"async\" width=\"768\" height=\"576\" src=\"https:\/\/tpup.club\/wp-content\/uploads\/2026\/01\/IMG-20250910-WA0011-768x576.jpg\" class=\"attachment-medium_large size-medium_large wp-image-139\" alt=\"\" srcset=\"https:\/\/tpup.club\/wp-content\/uploads\/2026\/01\/IMG-20250910-WA0011-768x576.jpg 768w, https:\/\/tpup.club\/wp-content\/uploads\/2026\/01\/IMG-20250910-WA0011-300x225.jpg 300w, https:\/\/tpup.club\/wp-content\/uploads\/2026\/01\/IMG-20250910-WA0011-1024x769.jpg 1024w, https:\/\/tpup.club\/wp-content\/uploads\/2026\/01\/IMG-20250910-WA0011-1536x1153.jpg 1536w, https:\/\/tpup.club\/wp-content\/uploads\/2026\/01\/IMG-20250910-WA0011.jpg 1600w\" sizes=\"(max-width: 768px) 100vw, 768px\" \/>\t\t\t\t\t\t\t\t\t\t\t\t\t\t\t<\/div>\n\t\t\t\t<div class=\"elementor-element elementor-element-ce5d048 elementor-widget__width-initial elementor-widget elementor-widget-image\" data-id=\"ce5d048\" data-element_type=\"widget\" data-e-type=\"widget\" data-widget_type=\"image.default\">\n\t\t\t\t\t\t\t\t\t\t\t\t\t\t\t<img decoding=\"async\" width=\"768\" height=\"576\" src=\"https:\/\/tpup.club\/wp-content\/uploads\/2026\/01\/Untitled-design-1-768x576.png\" class=\"attachment-medium_large size-medium_large wp-image-140\" alt=\"\" srcset=\"https:\/\/tpup.club\/wp-content\/uploads\/2026\/01\/Untitled-design-1-768x576.png 768w, https:\/\/tpup.club\/wp-content\/uploads\/2026\/01\/Untitled-design-1-300x225.png 300w, https:\/\/tpup.club\/wp-content\/uploads\/2026\/01\/Untitled-design-1-1024x769.png 1024w, https:\/\/tpup.club\/wp-content\/uploads\/2026\/01\/Untitled-design-1-1536x1153.png 1536w, https:\/\/tpup.club\/wp-content\/uploads\/2026\/01\/Untitled-design-1.png 1600w\" sizes=\"(max-width: 768px) 100vw, 768px\" \/>\t\t\t\t\t\t\t\t\t\t\t\t\t\t\t<\/div>\n\t\t\t\t<\/div>\n\t\t\t\t<\/div>\n\t\t","protected":false},"excerpt":{"rendered":"<p>Rejoindre le Club Adh\u00e9rez \u00e0 TP\u2019UP 92 et donnez un nouvel \u00e9lan \u00e0 votre activit\u00e9 ! Int\u00e9grer le club, c\u2019est acc\u00e9der \u00e0 : un r\u00e9seau influent d\u2019entrepreneurs locaux des rencontres r\u00e9guli\u00e8res et structur\u00e9es une visibilit\u00e9 accrue pour votre activit\u00e9 un soutien strat\u00e9gique et op\u00e9rationnel une dynamique collective stimulante Proc\u00e9dure d&#8217;adh\u00e9sion Prenez contact avec nous (contact@tpup.club) [&hellip;]<\/p>\n","protected":false},"author":2,"featured_media":32,"parent":0,"menu_order":0,"comment_status":"closed","ping_status":"closed","template":"elementor_header_footer","meta":{"footnotes":""},"class_list":["post-23","page","type-page","status-publish","has-post-thumbnail","hentry"],"yoast_head":"<!-- This site is optimized with the Yoast SEO plugin v27.4 - https:\/\/yoast.com\/product\/yoast-seo-wordpress\/ -->\n<title>Nous rejoindre - TpUp 92<\/title>\n<meta name=\"robots\" content=\"index, follow, max-snippet:-1, max-image-preview:large, max-video-preview:-1\" \/>\n<link rel=\"canonical\" href=\"https:\/\/tpup.club\/index.php\/nous-rejoindre\/\" \/>\n<meta property=\"og:locale\" content=\"en_US\" \/>\n<meta property=\"og:type\" content=\"article\" \/>\n<meta property=\"og:title\" content=\"Nous rejoindre - TpUp 92\" \/>\n<meta property=\"og:description\" content=\"Rejoindre le Club Adh\u00e9rez \u00e0 TP\u2019UP 92 et donnez un nouvel \u00e9lan \u00e0 votre activit\u00e9 ! Int\u00e9grer le club, c\u2019est acc\u00e9der \u00e0 : un r\u00e9seau influent d\u2019entrepreneurs locaux des rencontres r\u00e9guli\u00e8res et structur\u00e9es une visibilit\u00e9 accrue pour votre activit\u00e9 un soutien strat\u00e9gique et op\u00e9rationnel une dynamique collective stimulante Proc\u00e9dure d&#8217;adh\u00e9sion Prenez contact avec nous (contact@tpup.club) [&hellip;]\" \/>\n<meta property=\"og:url\" content=\"https:\/\/tpup.club\/index.php\/nous-rejoindre\/\" \/>\n<meta property=\"og:site_name\" content=\"TpUp 92\" \/>\n<meta property=\"article:modified_time\" content=\"2026-03-22T14:31:05+00:00\" \/>\n<meta property=\"og:image\" content=\"https:\/\/tpup.club\/wp-content\/uploads\/2026\/01\/Our-Servoces-400_380.jpg\" \/>\n\t<meta property=\"og:image:width\" content=\"400\" \/>\n\t<meta property=\"og:image:height\" content=\"380\" \/>\n\t<meta property=\"og:image:type\" content=\"image\/jpeg\" \/>\n<meta name=\"twitter:card\" content=\"summary_large_image\" \/>\n<meta name=\"twitter:label1\" content=\"Est. reading time\" \/>\n\t<meta name=\"twitter:data1\" content=\"1 minute\" \/>\n<script type=\"application\/ld+json\" class=\"yoast-schema-graph\">{\"@context\":\"https:\\\/\\\/schema.org\",\"@graph\":[{\"@type\":\"WebPage\",\"@id\":\"https:\\\/\\\/tpup.club\\\/index.php\\\/nous-rejoindre\\\/\",\"url\":\"https:\\\/\\\/tpup.club\\\/index.php\\\/nous-rejoindre\\\/\",\"name\":\"Nous rejoindre - TpUp 92\",\"isPartOf\":{\"@id\":\"https:\\\/\\\/tpup.club\\\/#website\"},\"primaryImageOfPage\":{\"@id\":\"https:\\\/\\\/tpup.club\\\/index.php\\\/nous-rejoindre\\\/#primaryimage\"},\"image\":{\"@id\":\"https:\\\/\\\/tpup.club\\\/index.php\\\/nous-rejoindre\\\/#primaryimage\"},\"thumbnailUrl\":\"https:\\\/\\\/tpup.club\\\/wp-content\\\/uploads\\\/2026\\\/01\\\/Our-Servoces-400_380.jpg\",\"datePublished\":\"2026-01-20T11:51:23+00:00\",\"dateModified\":\"2026-03-22T14:31:05+00:00\",\"breadcrumb\":{\"@id\":\"https:\\\/\\\/tpup.club\\\/index.php\\\/nous-rejoindre\\\/#breadcrumb\"},\"inLanguage\":\"en-US\",\"potentialAction\":[{\"@type\":\"ReadAction\",\"target\":[\"https:\\\/\\\/tpup.club\\\/index.php\\\/nous-rejoindre\\\/\"]}]},{\"@type\":\"ImageObject\",\"inLanguage\":\"en-US\",\"@id\":\"https:\\\/\\\/tpup.club\\\/index.php\\\/nous-rejoindre\\\/#primaryimage\",\"url\":\"https:\\\/\\\/tpup.club\\\/wp-content\\\/uploads\\\/2026\\\/01\\\/Our-Servoces-400_380.jpg\",\"contentUrl\":\"https:\\\/\\\/tpup.club\\\/wp-content\\\/uploads\\\/2026\\\/01\\\/Our-Servoces-400_380.jpg\",\"width\":400,\"height\":380},{\"@type\":\"BreadcrumbList\",\"@id\":\"https:\\\/\\\/tpup.club\\\/index.php\\\/nous-rejoindre\\\/#breadcrumb\",\"itemListElement\":[{\"@type\":\"ListItem\",\"position\":1,\"name\":\"Home\",\"item\":\"https:\\\/\\\/tpup.club\\\/\"},{\"@type\":\"ListItem\",\"position\":2,\"name\":\"Nous rejoindre\"}]},{\"@type\":\"WebSite\",\"@id\":\"https:\\\/\\\/tpup.club\\\/#website\",\"url\":\"https:\\\/\\\/tpup.club\\\/\",\"name\":\"TpUp 92\",\"description\":\"Saint-Cloud Business Club\",\"publisher\":{\"@id\":\"https:\\\/\\\/tpup.club\\\/#organization\"},\"potentialAction\":[{\"@type\":\"SearchAction\",\"target\":{\"@type\":\"EntryPoint\",\"urlTemplate\":\"https:\\\/\\\/tpup.club\\\/?s={search_term_string}\"},\"query-input\":{\"@type\":\"PropertyValueSpecification\",\"valueRequired\":true,\"valueName\":\"search_term_string\"}}],\"inLanguage\":\"en-US\"},{\"@type\":\"Organization\",\"@id\":\"https:\\\/\\\/tpup.club\\\/#organization\",\"name\":\"TpUp 92\",\"url\":\"https:\\\/\\\/tpup.club\\\/\",\"logo\":{\"@type\":\"ImageObject\",\"inLanguage\":\"en-US\",\"@id\":\"https:\\\/\\\/tpup.club\\\/#\\\/schema\\\/logo\\\/image\\\/\",\"url\":\"https:\\\/\\\/tpup.club\\\/wp-content\\\/uploads\\\/2026\\\/02\\\/Logo_bicolor-removebg-preview.png\",\"contentUrl\":\"https:\\\/\\\/tpup.club\\\/wp-content\\\/uploads\\\/2026\\\/02\\\/Logo_bicolor-removebg-preview.png\",\"width\":501,\"height\":498,\"caption\":\"TpUp 92\"},\"image\":{\"@id\":\"https:\\\/\\\/tpup.club\\\/#\\\/schema\\\/logo\\\/image\\\/\"}}]}<\/script>\n<!-- \/ Yoast SEO plugin. -->","yoast_head_json":{"title":"Nous rejoindre - TpUp 92","robots":{"index":"index","follow":"follow","max-snippet":"max-snippet:-1","max-image-preview":"max-image-preview:large","max-video-preview":"max-video-preview:-1"},"canonical":"https:\/\/tpup.club\/index.php\/nous-rejoindre\/","og_locale":"en_US","og_type":"article","og_title":"Nous rejoindre - TpUp 92","og_description":"Rejoindre le Club Adh\u00e9rez \u00e0 TP\u2019UP 92 et donnez un nouvel \u00e9lan \u00e0 votre activit\u00e9 ! Int\u00e9grer le club, c\u2019est acc\u00e9der \u00e0 : un r\u00e9seau influent d\u2019entrepreneurs locaux des rencontres r\u00e9guli\u00e8res et structur\u00e9es une visibilit\u00e9 accrue pour votre activit\u00e9 un soutien strat\u00e9gique et op\u00e9rationnel une dynamique collective stimulante Proc\u00e9dure d&#8217;adh\u00e9sion Prenez contact avec nous (contact@tpup.club) [&hellip;]","og_url":"https:\/\/tpup.club\/index.php\/nous-rejoindre\/","og_site_name":"TpUp 92","article_modified_time":"2026-03-22T14:31:05+00:00","og_image":[{"width":400,"height":380,"url":"https:\/\/tpup.club\/wp-content\/uploads\/2026\/01\/Our-Servoces-400_380.jpg","type":"image\/jpeg"}],"twitter_card":"summary_large_image","twitter_misc":{"Est. reading time":"1 minute"},"schema":{"@context":"https:\/\/schema.org","@graph":[{"@type":"WebPage","@id":"https:\/\/tpup.club\/index.php\/nous-rejoindre\/","url":"https:\/\/tpup.club\/index.php\/nous-rejoindre\/","name":"Nous rejoindre - TpUp 92","isPartOf":{"@id":"https:\/\/tpup.club\/#website"},"primaryImageOfPage":{"@id":"https:\/\/tpup.club\/index.php\/nous-rejoindre\/#primaryimage"},"image":{"@id":"https:\/\/tpup.club\/index.php\/nous-rejoindre\/#primaryimage"},"thumbnailUrl":"https:\/\/tpup.club\/wp-content\/uploads\/2026\/01\/Our-Servoces-400_380.jpg","datePublished":"2026-01-20T11:51:23+00:00","dateModified":"2026-03-22T14:31:05+00:00","breadcrumb":{"@id":"https:\/\/tpup.club\/index.php\/nous-rejoindre\/#breadcrumb"},"inLanguage":"en-US","potentialAction":[{"@type":"ReadAction","target":["https:\/\/tpup.club\/index.php\/nous-rejoindre\/"]}]},{"@type":"ImageObject","inLanguage":"en-US","@id":"https:\/\/tpup.club\/index.php\/nous-rejoindre\/#primaryimage","url":"https:\/\/tpup.club\/wp-content\/uploads\/2026\/01\/Our-Servoces-400_380.jpg","contentUrl":"https:\/\/tpup.club\/wp-content\/uploads\/2026\/01\/Our-Servoces-400_380.jpg","width":400,"height":380},{"@type":"BreadcrumbList","@id":"https:\/\/tpup.club\/index.php\/nous-rejoindre\/#breadcrumb","itemListElement":[{"@type":"ListItem","position":1,"name":"Home","item":"https:\/\/tpup.club\/"},{"@type":"ListItem","position":2,"name":"Nous rejoindre"}]},{"@type":"WebSite","@id":"https:\/\/tpup.club\/#website","url":"https:\/\/tpup.club\/","name":"TpUp 92","description":"Saint-Cloud Business Club","publisher":{"@id":"https:\/\/tpup.club\/#organization"},"potentialAction":[{"@type":"SearchAction","target":{"@type":"EntryPoint","urlTemplate":"https:\/\/tpup.club\/?s={search_term_string}"},"query-input":{"@type":"PropertyValueSpecification","valueRequired":true,"valueName":"search_term_string"}}],"inLanguage":"en-US"},{"@type":"Organization","@id":"https:\/\/tpup.club\/#organization","name":"TpUp 92","url":"https:\/\/tpup.club\/","logo":{"@type":"ImageObject","inLanguage":"en-US","@id":"https:\/\/tpup.club\/#\/schema\/logo\/image\/","url":"https:\/\/tpup.club\/wp-content\/uploads\/2026\/02\/Logo_bicolor-removebg-preview.png","contentUrl":"https:\/\/tpup.club\/wp-content\/uploads\/2026\/02\/Logo_bicolor-removebg-preview.png","width":501,"height":498,"caption":"TpUp 92"},"image":{"@id":"https:\/\/tpup.club\/#\/schema\/logo\/image\/"}}]}},"_links":{"self":[{"href":"https:\/\/tpup.club\/index.php\/wp-json\/wp\/v2\/pages\/23","targetHints":{"allow":["GET"]}}],"collection":[{"href":"https:\/\/tpup.club\/index.php\/wp-json\/wp\/v2\/pages"}],"about":[{"href":"https:\/\/tpup.club\/index.php\/wp-json\/wp\/v2\/types\/page"}],"author":[{"embeddable":true,"href":"https:\/\/tpup.club\/index.php\/wp-json\/wp\/v2\/users\/2"}],"replies":[{"embeddable":true,"href":"https:\/\/tpup.club\/index.php\/wp-json\/wp\/v2\/comments?post=23"}],"version-history":[{"count":197,"href":"https:\/\/tpup.club\/index.php\/wp-json\/wp\/v2\/pages\/23\/revisions"}],"predecessor-version":[{"id":1213,"href":"https:\/\/tpup.club\/index.php\/wp-json\/wp\/v2\/pages\/23\/revisions\/1213"}],"wp:featuredmedia":[{"embeddable":true,"href":"https:\/\/tpup.club\/index.php\/wp-json\/wp\/v2\/media\/32"}],"wp:attachment":[{"href":"https:\/\/tpup.club\/index.php\/wp-json\/wp\/v2\/media?parent=23"}],"curies":[{"name":"wp","href":"https:\/\/api.w.org\/{rel}","templated":true}]}}