{"id":135,"date":"2026-01-24T17:09:00","date_gmt":"2026-01-24T17:09:00","guid":{"rendered":"https:\/\/tpup.club\/?page_id=135"},"modified":"2026-01-27T15:43:13","modified_gmt":"2026-01-27T15:43:13","slug":"mentions-legales","status":"publish","type":"page","link":"https:\/\/tpup.club\/index.php\/mentions-legales\/","title":{"rendered":"Mentions l\u00e9gales"},"content":{"rendered":"\t\t<div data-elementor-type=\"wp-page\" data-elementor-id=\"135\" class=\"elementor elementor-135\">\n\t\t\t\t<div class=\"elementor-element elementor-element-8fb8bfa e-flex e-con-boxed e-con e-parent\" data-id=\"8fb8bfa\" data-element_type=\"container\" data-e-type=\"container\">\n\t\t\t\t\t<div class=\"e-con-inner\">\n\t\t\t\t<div class=\"elementor-element elementor-element-3594ec0 elementor-widget elementor-widget-text-editor\" data-id=\"3594ec0\" data-element_type=\"widget\" data-e-type=\"widget\" data-widget_type=\"text-editor.default\">\n\t\t\t\t\t\t\t\t\t<h2 style=\"color: #000000;\" data-start=\"135\" data-end=\"157\">MENTIONS L\u00c9GALES<\/h2><p style=\"color: #000000; font-size: medium;\" data-start=\"159\" data-end=\"393\">En vertu de l\u2019article 6 de la loi n\u00b02004-575 du 21 juin 2004 pour la confiance dans l\u2019\u00e9conomie num\u00e9rique, il est pr\u00e9cis\u00e9 aux utilisateurs du site l\u2019identit\u00e9 des diff\u00e9rents intervenants dans le cadre de sa r\u00e9alisation et de son suivi :<\/p><p style=\"color: #000000; font-size: medium;\" data-start=\"395\" data-end=\"637\"><strong data-start=\"395\" data-end=\"416\">\u00c9diteur du site :<\/strong><br data-start=\"416\" data-end=\"419\" \/>TP&#8217;UP 92 \u2013 Association loi 1901<br data-start=\"450\" data-end=\"453\" \/>Si\u00e8ge social : 71 rue de Buzenval \u2013 92210 Saint-Cloud \u2013 France<br data-start=\"515\" data-end=\"518\" \/>SIRET : 839 243 102 00010<br data-start=\"543\" data-end=\"546\" \/>Num\u00e9ro RNA : W922012045<br \/>Email : <a rel=\"noopener\" data-start=\"585\" data-end=\"603\">contact@tpup92.com<\/a><br data-start=\"603\" data-end=\"606\" \/>T\u00e9l\u00e9phone : +33 6 34 53 38 78<\/p><p style=\"color: #000000; font-size: medium;\" data-start=\"639\" data-end=\"737\"><strong data-start=\"639\" data-end=\"674\">Responsable de la publication :<\/strong><br data-start=\"674\" data-end=\"677\" \/>Monsieur Laurent Gal\u00e8ne, Pr\u00e9sident de l\u2019association TP&#8217;UP 92<\/p><p style=\"color: #000000; font-size: medium;\" data-start=\"739\" data-end=\"804\"><strong data-start=\"739\" data-end=\"754\">H\u00e9bergeur :<\/strong><br data-start=\"754\" data-end=\"757\" \/>OVH<br data-start=\"760\" data-end=\"763\" \/>2 rue Kellermann \u2013 59100 Roubaix \u2013 France<\/p><p style=\"color: #000000; font-size: medium;\" data-start=\"806\" data-end=\"913\">Le site est accessible \u00e0 tout moment, sauf interruption pour maintenance technique ou cas de force majeure.<\/p><hr style=\"font-size: medium;\" data-start=\"915\" data-end=\"918\" \/><h2 style=\"color: #000000;\" data-start=\"920\" data-end=\"954\">POLITIQUE DE CONFIDENTIALIT\u00c9<\/h2><p style=\"color: #000000; font-size: medium;\" data-start=\"956\" data-end=\"1280\">La protection de vos donn\u00e9es personnelles est importante pour l\u2019association TP&#8217;UP 92. La pr\u00e9sente politique de confidentialit\u00e9 vise \u00e0 vous informer de mani\u00e8re claire sur la mani\u00e8re dont vos donn\u00e9es sont collect\u00e9es et trait\u00e9es, conform\u00e9ment \u00e0 la loi \u00ab Informatique et Libert\u00e9s \u00bb modifi\u00e9e et au R\u00e8glement (UE) 2016\/679 (RGPD).<\/p><hr style=\"font-size: medium;\" data-start=\"1282\" data-end=\"1285\" \/><h3 style=\"color: #000000;\" data-start=\"1287\" data-end=\"1316\">Article 1 \u2013 D\u00e9finitions<\/h3><p style=\"color: #000000; font-size: medium;\" data-start=\"1317\" data-end=\"1514\">Les \u00ab Donn\u00e9es \u00e0 caract\u00e8re personnel \u00bb d\u00e9signent toute information permettant d\u2019identifier directement ou indirectement une personne physique (nom, pr\u00e9nom, adresse email, num\u00e9ro de t\u00e9l\u00e9phone, etc.).<\/p><p style=\"color: #000000; font-size: medium;\" data-start=\"1516\" data-end=\"1589\">L\u2019\u00ab Utilisateur \u00bb d\u00e9signe toute personne qui consulte ou utilise le site.<\/p><hr style=\"font-size: medium;\" data-start=\"1591\" data-end=\"1594\" \/><h3 style=\"color: #000000;\" data-start=\"1596\" data-end=\"1639\">Article 2 \u2013 Responsable du traitement<\/h3><p style=\"color: #000000; font-size: medium;\" data-start=\"1640\" data-end=\"1676\">Le responsable du traitement est :<\/p><p style=\"color: #000000; font-size: medium;\" data-start=\"1678\" data-end=\"1929\"><strong data-start=\"1678\" data-end=\"1713\">TP&#8217;UP 92 \u2013 Association loi 1901<\/strong><br data-start=\"1713\" data-end=\"1716\" \/>Si\u00e8ge social : 71 rue de Buzenval \u2013 92210 Saint-Cloud<br data-start=\"1769\" data-end=\"1772\" \/>SIRET : 839 243 102 00010<br data-start=\"1797\" data-end=\"1800\" \/>Num\u00e9ro RNA : W922012045<br data-start=\"1828\" data-end=\"1831\" \/>Pr\u00e9sident : Monsieur Laurent Gal\u00e8ne<br data-start=\"1866\" data-end=\"1869\" \/>Email : <a rel=\"noopener\" data-start=\"1877\" data-end=\"1895\">contact@tpup92.com<\/a><br data-start=\"1895\" data-end=\"1898\" \/>T\u00e9l\u00e9phone : +33 6 34 53 38 78<\/p><hr style=\"font-size: medium;\" data-start=\"1931\" data-end=\"1934\" \/><h3 style=\"color: #000000;\" data-start=\"1936\" data-end=\"1972\">Article 3 \u2013 Donn\u00e9es collect\u00e9es<\/h3><p style=\"color: #000000; font-size: medium;\" data-start=\"1973\" data-end=\"2190\">L\u2019association TP&#8217;UP 92 est susceptible de collecter des donn\u00e9es personnelles lorsque l\u2019Utilisateur :<br data-start=\"2073\" data-end=\"2076\" \/>\u2013 utilise un formulaire de contact,<br data-start=\"2111\" data-end=\"2114\" \/>\u2013 envoie un email,<br data-start=\"2132\" data-end=\"2135\" \/>\u2013 s\u2019inscrit \u00e0 une activit\u00e9 ou \u00e0 une liste de diffusion.<\/p><p style=\"color: #000000; font-size: medium;\" data-start=\"2192\" data-end=\"2347\">Les donn\u00e9es collect\u00e9es sont notamment : nom, pr\u00e9nom, adresse email, num\u00e9ro de t\u00e9l\u00e9phone, et toute information communiqu\u00e9e volontairement par l\u2019Utilisateur.<\/p><p style=\"color: #000000; font-size: medium;\" data-start=\"2349\" data-end=\"2392\">Le site ne collecte aucune donn\u00e9e sensible.<\/p><hr style=\"font-size: medium;\" data-start=\"2394\" data-end=\"2397\" \/><h3 style=\"color: #000000;\" data-start=\"2399\" data-end=\"2440\">Article 4 \u2013 Finalit\u00e9s du traitement<\/h3><p style=\"color: #000000; font-size: medium;\" data-start=\"2441\" data-end=\"2661\">Les donn\u00e9es sont collect\u00e9es afin de :<br data-start=\"2478\" data-end=\"2481\" \/>\u2013 r\u00e9pondre aux demandes des Utilisateurs,<br data-start=\"2522\" data-end=\"2525\" \/>\u2013 g\u00e9rer les inscriptions et les activit\u00e9s de l\u2019association,<br data-start=\"2584\" data-end=\"2587\" \/>\u2013 assurer la communication entre l\u2019association et ses membres ou contacts.<\/p><hr style=\"font-size: medium;\" data-start=\"2663\" data-end=\"2666\" \/><h3 style=\"color: #000000;\" data-start=\"2668\" data-end=\"2711\">Article 5 \u2013 Destinataires des donn\u00e9es<\/h3><p style=\"color: #000000; font-size: medium;\" data-start=\"2712\" data-end=\"2823\">Les donn\u00e9es personnelles sont destin\u00e9es exclusivement \u00e0 l\u2019association TP&#8217;UP 92 et \u00e0 ses responsables habilit\u00e9s.<\/p><p style=\"color: #000000; font-size: medium;\" data-start=\"2825\" data-end=\"2891\">Aucune donn\u00e9e n\u2019est transmise \u00e0 des tiers \u00e0 des fins commerciales.<\/p><hr style=\"font-size: medium;\" data-start=\"2893\" data-end=\"2896\" \/><h3 style=\"color: #000000;\" data-start=\"2898\" data-end=\"2937\">Article 6 \u2013 Dur\u00e9e de conservation<\/h3><p style=\"color: #000000; font-size: medium;\" data-start=\"2938\" data-end=\"3086\">Les donn\u00e9es des Utilisateurs sont conserv\u00e9es pendant une dur\u00e9e maximale de <strong data-start=\"3013\" data-end=\"3022\">3 ans<\/strong> \u00e0 compter du dernier contact, sauf obligation l\u00e9gale contraire.<\/p><hr style=\"font-size: medium;\" data-start=\"3088\" data-end=\"3091\" \/><h3 style=\"color: #000000;\" data-start=\"3093\" data-end=\"3134\">Article 7 \u2013 Droits des Utilisateurs<\/h3><p style=\"color: #000000; font-size: medium;\" data-start=\"3135\" data-end=\"3419\">Conform\u00e9ment au RGPD, l\u2019Utilisateur dispose des droits suivants :<br data-start=\"3200\" data-end=\"3203\" \/>\u2013 droit d\u2019acc\u00e8s,<br data-start=\"3219\" data-end=\"3222\" \/>\u2013 droit de rectification,<br data-start=\"3247\" data-end=\"3250\" \/>\u2013 droit \u00e0 l\u2019effacement,<br data-start=\"3273\" data-end=\"3276\" \/>\u2013 droit \u00e0 la limitation du traitement,<br data-start=\"3314\" data-end=\"3317\" \/>\u2013 droit d\u2019opposition,<br data-start=\"3338\" data-end=\"3341\" \/>\u2013 droit \u00e0 la portabilit\u00e9,<br data-start=\"3366\" data-end=\"3369\" \/>\u2013 droit de retirer son consentement \u00e0 tout moment.<\/p><p style=\"color: #000000; font-size: medium;\" data-start=\"3421\" data-end=\"3537\">Pour exercer ces droits, l\u2019Utilisateur peut contacter l\u2019association \u00e0 l\u2019adresse suivante :<br data-start=\"3511\" data-end=\"3514\" \/><a rel=\"noopener\" data-start=\"3517\" data-end=\"3535\">contact@tpup92.com<\/a><\/p><p style=\"color: #000000; font-size: medium;\" data-start=\"3539\" data-end=\"3651\">En cas de difficult\u00e9 non r\u00e9solue, l\u2019Utilisateur peut introduire une r\u00e9clamation aupr\u00e8s de la CNIL (<a target=\"_new\" rel=\"noopener\" data-start=\"3638\" data-end=\"3649\">www.cnil.fr<\/a>).<\/p><hr style=\"font-size: medium;\" data-start=\"3653\" data-end=\"3656\" \/><h3 style=\"color: #000000;\" data-start=\"3658\" data-end=\"3696\">Article 8 \u2013 S\u00e9curit\u00e9 des donn\u00e9es<\/h3><p style=\"color: #000000; font-size: medium;\" data-start=\"3697\" data-end=\"3861\">TP&#8217;UP 92 met en \u0153uvre des mesures techniques et organisationnelles appropri\u00e9es afin d\u2019assurer la s\u00e9curit\u00e9 et la confidentialit\u00e9 des donn\u00e9es personnelles collect\u00e9es.<\/p><hr style=\"font-size: medium;\" data-start=\"3863\" data-end=\"3866\" \/><h3 style=\"color: #000000;\" data-start=\"3868\" data-end=\"3893\">Article 9 \u2013 Cookies<\/h3><p style=\"color: #000000; font-size: medium;\" data-start=\"3894\" data-end=\"4055\">Le site n\u2019utilise <strong data-start=\"3912\" data-end=\"3961\">aucun cookie de suivi ou de mesure d\u2019audience<\/strong>.<br data-start=\"3962\" data-end=\"3965\" \/>Seuls des cookies strictement n\u00e9cessaires au fonctionnement du site peuvent \u00eatre utilis\u00e9s.<\/p><p style=\"color: #000000; font-size: medium;\" data-start=\"4057\" data-end=\"4124\">Aucune collecte de donn\u00e9es \u00e0 des fins publicitaires n\u2019est r\u00e9alis\u00e9e.<\/p><hr style=\"font-size: medium;\" data-start=\"4126\" data-end=\"4129\" \/><h3 style=\"color: #000000;\" data-start=\"4131\" data-end=\"4162\">Article 10 \u2013 Modification<\/h3><p style=\"color: #000000; font-size: medium;\" data-start=\"4163\" data-end=\"4348\">TP&#8217;UP 92 se r\u00e9serve le droit de modifier les pr\u00e9sentes mentions l\u00e9gales et la pr\u00e9sente politique de confidentialit\u00e9 \u00e0 tout moment.<br data-start=\"4293\" data-end=\"4296\" \/>La version en vigueur est celle publi\u00e9e sur le site.<\/p><hr style=\"font-size: medium;\" data-start=\"4350\" data-end=\"4353\" \/><p style=\"color: #000000; font-size: medium;\" data-start=\"4355\" data-end=\"4407\"><strong data-start=\"4355\" data-end=\"4407\">Document mis \u00e0 jour le vendredi 23 janvier 2026.<\/strong><\/p>\t\t\t\t\t\t\t\t<\/div>\n\t\t\t\t\t<\/div>\n\t\t\t\t<\/div>\n\t\t\t\t<\/div>\n\t\t","protected":false},"excerpt":{"rendered":"<p>MENTIONS L\u00c9GALES En vertu de l\u2019article 6 de la loi n\u00b02004-575 du 21 juin 2004 pour la confiance dans l\u2019\u00e9conomie num\u00e9rique, il est pr\u00e9cis\u00e9 aux utilisateurs du site l\u2019identit\u00e9 des diff\u00e9rents intervenants dans le cadre de sa r\u00e9alisation et de son suivi : \u00c9diteur du site :TP&#8217;UP 92 \u2013 Association loi 1901Si\u00e8ge social : 71 [&hellip;]<\/p>\n","protected":false},"author":2,"featured_media":0,"parent":0,"menu_order":0,"comment_status":"closed","ping_status":"closed","template":"","meta":{"footnotes":""},"class_list":["post-135","page","type-page","status-publish","hentry"],"yoast_head":"<!-- This site is optimized with the Yoast SEO plugin v27.4 - https:\/\/yoast.com\/product\/yoast-seo-wordpress\/ -->\n<title>Mentions l\u00e9gales - TpUp 92<\/title>\n<meta name=\"robots\" content=\"index, follow, max-snippet:-1, max-image-preview:large, max-video-preview:-1\" \/>\n<link rel=\"canonical\" href=\"https:\/\/tpup.club\/index.php\/mentions-legales\/\" \/>\n<meta property=\"og:locale\" content=\"en_US\" \/>\n<meta property=\"og:type\" content=\"article\" \/>\n<meta property=\"og:title\" content=\"Mentions l\u00e9gales - TpUp 92\" \/>\n<meta property=\"og:description\" content=\"MENTIONS L\u00c9GALES En vertu de l\u2019article 6 de la loi n\u00b02004-575 du 21 juin 2004 pour la confiance dans l\u2019\u00e9conomie num\u00e9rique, il est pr\u00e9cis\u00e9 aux utilisateurs du site l\u2019identit\u00e9 des diff\u00e9rents intervenants dans le cadre de sa r\u00e9alisation et de son suivi : \u00c9diteur du site :TP&#8217;UP 92 \u2013 Association loi 1901Si\u00e8ge social : 71 [&hellip;]\" \/>\n<meta property=\"og:url\" content=\"https:\/\/tpup.club\/index.php\/mentions-legales\/\" \/>\n<meta property=\"og:site_name\" content=\"TpUp 92\" \/>\n<meta property=\"article:modified_time\" content=\"2026-01-27T15:43:13+00:00\" \/>\n<meta name=\"twitter:card\" content=\"summary_large_image\" \/>\n<meta name=\"twitter:label1\" content=\"Est. reading time\" \/>\n\t<meta name=\"twitter:data1\" content=\"3 minutes\" \/>\n<script type=\"application\/ld+json\" class=\"yoast-schema-graph\">{\"@context\":\"https:\\\/\\\/schema.org\",\"@graph\":[{\"@type\":\"WebPage\",\"@id\":\"https:\\\/\\\/tpup.club\\\/index.php\\\/mentions-legales\\\/\",\"url\":\"https:\\\/\\\/tpup.club\\\/index.php\\\/mentions-legales\\\/\",\"name\":\"Mentions l\u00e9gales - TpUp 92\",\"isPartOf\":{\"@id\":\"https:\\\/\\\/tpup.club\\\/#website\"},\"datePublished\":\"2026-01-24T17:09:00+00:00\",\"dateModified\":\"2026-01-27T15:43:13+00:00\",\"breadcrumb\":{\"@id\":\"https:\\\/\\\/tpup.club\\\/index.php\\\/mentions-legales\\\/#breadcrumb\"},\"inLanguage\":\"en-US\",\"potentialAction\":[{\"@type\":\"ReadAction\",\"target\":[\"https:\\\/\\\/tpup.club\\\/index.php\\\/mentions-legales\\\/\"]}]},{\"@type\":\"BreadcrumbList\",\"@id\":\"https:\\\/\\\/tpup.club\\\/index.php\\\/mentions-legales\\\/#breadcrumb\",\"itemListElement\":[{\"@type\":\"ListItem\",\"position\":1,\"name\":\"Home\",\"item\":\"https:\\\/\\\/tpup.club\\\/\"},{\"@type\":\"ListItem\",\"position\":2,\"name\":\"Mentions l\u00e9gales\"}]},{\"@type\":\"WebSite\",\"@id\":\"https:\\\/\\\/tpup.club\\\/#website\",\"url\":\"https:\\\/\\\/tpup.club\\\/\",\"name\":\"TpUp 92\",\"description\":\"Saint-Cloud Business Club\",\"publisher\":{\"@id\":\"https:\\\/\\\/tpup.club\\\/#organization\"},\"potentialAction\":[{\"@type\":\"SearchAction\",\"target\":{\"@type\":\"EntryPoint\",\"urlTemplate\":\"https:\\\/\\\/tpup.club\\\/?s={search_term_string}\"},\"query-input\":{\"@type\":\"PropertyValueSpecification\",\"valueRequired\":true,\"valueName\":\"search_term_string\"}}],\"inLanguage\":\"en-US\"},{\"@type\":\"Organization\",\"@id\":\"https:\\\/\\\/tpup.club\\\/#organization\",\"name\":\"TpUp 92\",\"url\":\"https:\\\/\\\/tpup.club\\\/\",\"logo\":{\"@type\":\"ImageObject\",\"inLanguage\":\"en-US\",\"@id\":\"https:\\\/\\\/tpup.club\\\/#\\\/schema\\\/logo\\\/image\\\/\",\"url\":\"https:\\\/\\\/tpup.club\\\/wp-content\\\/uploads\\\/2026\\\/02\\\/Logo_bicolor-removebg-preview.png\",\"contentUrl\":\"https:\\\/\\\/tpup.club\\\/wp-content\\\/uploads\\\/2026\\\/02\\\/Logo_bicolor-removebg-preview.png\",\"width\":501,\"height\":498,\"caption\":\"TpUp 92\"},\"image\":{\"@id\":\"https:\\\/\\\/tpup.club\\\/#\\\/schema\\\/logo\\\/image\\\/\"}}]}<\/script>\n<!-- \/ Yoast SEO plugin. -->","yoast_head_json":{"title":"Mentions l\u00e9gales - TpUp 92","robots":{"index":"index","follow":"follow","max-snippet":"max-snippet:-1","max-image-preview":"max-image-preview:large","max-video-preview":"max-video-preview:-1"},"canonical":"https:\/\/tpup.club\/index.php\/mentions-legales\/","og_locale":"en_US","og_type":"article","og_title":"Mentions l\u00e9gales - TpUp 92","og_description":"MENTIONS L\u00c9GALES En vertu de l\u2019article 6 de la loi n\u00b02004-575 du 21 juin 2004 pour la confiance dans l\u2019\u00e9conomie num\u00e9rique, il est pr\u00e9cis\u00e9 aux utilisateurs du site l\u2019identit\u00e9 des diff\u00e9rents intervenants dans le cadre de sa r\u00e9alisation et de son suivi : \u00c9diteur du site :TP&#8217;UP 92 \u2013 Association loi 1901Si\u00e8ge social : 71 [&hellip;]","og_url":"https:\/\/tpup.club\/index.php\/mentions-legales\/","og_site_name":"TpUp 92","article_modified_time":"2026-01-27T15:43:13+00:00","twitter_card":"summary_large_image","twitter_misc":{"Est. reading time":"3 minutes"},"schema":{"@context":"https:\/\/schema.org","@graph":[{"@type":"WebPage","@id":"https:\/\/tpup.club\/index.php\/mentions-legales\/","url":"https:\/\/tpup.club\/index.php\/mentions-legales\/","name":"Mentions l\u00e9gales - TpUp 92","isPartOf":{"@id":"https:\/\/tpup.club\/#website"},"datePublished":"2026-01-24T17:09:00+00:00","dateModified":"2026-01-27T15:43:13+00:00","breadcrumb":{"@id":"https:\/\/tpup.club\/index.php\/mentions-legales\/#breadcrumb"},"inLanguage":"en-US","potentialAction":[{"@type":"ReadAction","target":["https:\/\/tpup.club\/index.php\/mentions-legales\/"]}]},{"@type":"BreadcrumbList","@id":"https:\/\/tpup.club\/index.php\/mentions-legales\/#breadcrumb","itemListElement":[{"@type":"ListItem","position":1,"name":"Home","item":"https:\/\/tpup.club\/"},{"@type":"ListItem","position":2,"name":"Mentions l\u00e9gales"}]},{"@type":"WebSite","@id":"https:\/\/tpup.club\/#website","url":"https:\/\/tpup.club\/","name":"TpUp 92","description":"Saint-Cloud Business Club","publisher":{"@id":"https:\/\/tpup.club\/#organization"},"potentialAction":[{"@type":"SearchAction","target":{"@type":"EntryPoint","urlTemplate":"https:\/\/tpup.club\/?s={search_term_string}"},"query-input":{"@type":"PropertyValueSpecification","valueRequired":true,"valueName":"search_term_string"}}],"inLanguage":"en-US"},{"@type":"Organization","@id":"https:\/\/tpup.club\/#organization","name":"TpUp 92","url":"https:\/\/tpup.club\/","logo":{"@type":"ImageObject","inLanguage":"en-US","@id":"https:\/\/tpup.club\/#\/schema\/logo\/image\/","url":"https:\/\/tpup.club\/wp-content\/uploads\/2026\/02\/Logo_bicolor-removebg-preview.png","contentUrl":"https:\/\/tpup.club\/wp-content\/uploads\/2026\/02\/Logo_bicolor-removebg-preview.png","width":501,"height":498,"caption":"TpUp 92"},"image":{"@id":"https:\/\/tpup.club\/#\/schema\/logo\/image\/"}}]}},"_links":{"self":[{"href":"https:\/\/tpup.club\/index.php\/wp-json\/wp\/v2\/pages\/135","targetHints":{"allow":["GET"]}}],"collection":[{"href":"https:\/\/tpup.club\/index.php\/wp-json\/wp\/v2\/pages"}],"about":[{"href":"https:\/\/tpup.club\/index.php\/wp-json\/wp\/v2\/types\/page"}],"author":[{"embeddable":true,"href":"https:\/\/tpup.club\/index.php\/wp-json\/wp\/v2\/users\/2"}],"replies":[{"embeddable":true,"href":"https:\/\/tpup.club\/index.php\/wp-json\/wp\/v2\/comments?post=135"}],"version-history":[{"count":15,"href":"https:\/\/tpup.club\/index.php\/wp-json\/wp\/v2\/pages\/135\/revisions"}],"predecessor-version":[{"id":204,"href":"https:\/\/tpup.club\/index.php\/wp-json\/wp\/v2\/pages\/135\/revisions\/204"}],"wp:attachment":[{"href":"https:\/\/tpup.club\/index.php\/wp-json\/wp\/v2\/media?parent=135"}],"curies":[{"name":"wp","href":"https:\/\/api.w.org\/{rel}","templated":true}]}}